{"id":11712,"date":"2016-12-14T09:46:41","date_gmt":"2016-12-14T08:46:41","guid":{"rendered":"http:\/\/longwatchstudio.com\/?page_id=11712"},"modified":"2026-03-12T10:08:11","modified_gmt":"2026-03-12T09:08:11","slug":"accueil","status":"publish","type":"page","link":"https:\/\/longwatchstudio.com\/en\/","title":{"rendered":"Home"},"content":{"rendered":"<img loading=\"lazy\" decoding=\"async\" src=\"https:\/\/longwatchstudio.com\/wp-content\/uploads\/2023\/08\/Logo-Large-Fond-Fonce.png\" alt=\"Logo Large Fond Fonc\u00e9\" itemprop=\"image\" height=\"100\" width=\"414\" title=\"Logo Large Fond Fonc\u00e9\" onerror=\"this.style.display='none'\"  \/>\n<h4>\n\t\tYour partner for all your web and computing projects\n\t<\/h4>\n<h2>\n\t\tEn quelques mots &#8230;\n\t<\/h2>\n\t<p><strong>Long Watch Studio<\/strong> est une soci\u00e9t\u00e9 de d\u00e9veloppement web et d&rsquo;infog\u00e9rance. Notre philosophie s&rsquo;appuie sur l&rsquo;<strong>intelligence collective<\/strong> de notre \u00e9quipe. Chaque personne travaillant au sein de la soci\u00e9t\u00e9 peut exprimer ses id\u00e9es, proposer des am\u00e9liorations ou intervenir sur la politique de l&rsquo;entreprise. Cette philosophe fait de Long Watch Studio une soci\u00e9t\u00e9 novatrice, r\u00e9active et tr\u00e8s proche de ses clients.<\/p>\n<p>Nous disposons d&rsquo;un <strong>savoir faire \u00e9tendu pour cr\u00e9er des sites et extensions pour WordPress et WooCommerce<\/strong>. Vous pouvez retrouver nos principales extensions via notre site d\u00e9di\u00e9 <a href=\"https:\/\/plugins.longwatchstudio.com\">plugins.longwatchstudio.com<\/a>.<\/p>\n<p>Nous proposons aussi des <strong>d\u00e9veloppements \u00e0 la carte<\/strong> afin de cr\u00e9er et\/ou personnaliser votre site web afin d&rsquo;y ajouter des fonctionnalit\u00e9s qui vous sont sp\u00e9cifiques.<\/p>\n<p>Enfin, nous disposons d&rsquo;un service d&rsquo;<strong>Infog\u00e9rance<\/strong> \u00e0 destination des PME et associations afin de les <strong>accompagner dans leurs projets d&rsquo;\u00e9volution informatique<\/strong>.<\/p>\n<h2>\n\t\tLatest blog posts\n\t<\/h2>\n<h2>\n\t\tLocal staff\n\t<\/h2>\n\t<p>Since our <strong>creation, in 2017,<\/strong>, nous avons progressivement diversifi\u00e9 nos services. \u00c0 l&rsquo;origine soci\u00e9t\u00e9 de service, nous avons sorti nos<strong> premi\u00e8res extensions pour WordPress en 2019<\/strong>. C&rsquo;est en 2021 que nous avons ajout\u00e9 des c<strong>omp\u00e9tences d&rsquo;infog\u00e9rance et d&rsquo;accompagnement au d\u00e9veloppement informatique<\/strong> \u00e0 nos services.<\/p>\n<p>To this end, we have several dedicated teams based across France and Switzerland.<\/p>\n<ul>\n<li>\u00c0 Entzheim pr\u00e8s de <strong>Strasbourg<\/strong> se trouve notre si\u00e8ge social et l&rsquo;<strong>\u00e9quipe de d\u00e9veloppement<\/strong> principale ainsi que nos <strong>data specialists<\/strong>.<\/li>\n<li>\u00c0 <strong>Courroux<\/strong>, dans le canton du Jura Suisse se trouve l&rsquo;\u00e9quipe d\u00e9di\u00e9e \u00e0 l&rsquo;<strong>infog\u00e9rance<\/strong> et \u00e0 l&rsquo;accompagnement au d\u00e9veloppement.<\/li>\n<li>Enfin, notre \u00e9quipe d\u00e9di\u00e9e au support des utilisateurs et au marketing se trouve pr\u00e8s d&rsquo;<strong>Amiens<\/strong>.<\/li>\n<\/ul>\n<p>With this expertise, we are able to support you and manage your various IT projects.<\/p>\n\t\t\t\t<img decoding=\"async\" src=\"https:\/\/longwatchstudio.com\/wp-content\/uploads\/2025\/04\/Map-Courbes.svg\" alt=\"Map-Courbes.svg\" itemprop=\"image\" title=\"Map-Courbes.svg\" onerror=\"this.style.display='none'\"  \/>\n<h2>\n\t\tIT Managed Services and Project Management\n\t<\/h2>\n\t<p>Quelle que soit la taille de votre structure, l&rsquo;informatique occupe une place <strong>centrale<\/strong> dans votre organisation interne. Il est important que <strong>les outils informatiques puissent \u00e9voluer<\/strong> en m\u00eame temps que votre structure.<\/p>\n<p>Par ailleurs, le secteur de l&rsquo;informatique est en perp\u00e9tuelle \u00e9volution et<strong> les questions de s\u00e9curit\u00e9 deviennent de plus en plus importantes<\/strong>. Qu&rsquo;il s&rsquo;agisse de respecter les l\u00e9gislations comme la <strong>RGPD<\/strong> ou de garantir un acc\u00e8s s\u00e9curis\u00e9 contre les<strong> attaques malveillantes<\/strong>, les d\u00e9fis sont nombreux.<\/p>\n<p>If you do not have the internal resources required for this evolution, our teams can support you on many topics:<\/p>\n<ul>\n<li class=\"translation-block\"><strong>ERP<\/strong> Project Management<\/li>\n<li class=\"translation-block\"><strong>Microsoft 365<\/strong> Management<\/li>\n<li class=\"translation-block\"><strong>Server<\/strong> Infrastructure<\/li>\n<li class=\"translation-block\"><strong>Securing<\/strong> communications with third parties<\/li>\n<li class=\"translation-block\"><strong>Multi-factor<\/strong> authentication<\/li>\n<li>&#8230;<\/li>\n<\/ul>\n<p>N&rsquo;h\u00e9sitez pas \u00e0 nous contacter afin que nous \u00e9tudiions ensemble votre situation.<\/p>\n<h2>\n\t\tWordpress\/WooCommerce Plugins\n\t<\/h2>\n\t<p>Notre \u00e9quipe de d\u00e9veloppement a cr\u00e9\u00e9 toute une suite d&rsquo;extensions pour WordPress et WooCommerce. Comme pour tous nos d\u00e9veloppements, ces extensions sont pens\u00e9es pour offrir un maximum de possibilit\u00e9s tout en garantissant des performances optimales.<\/p>\n<p>Elles sont r\u00e9guli\u00e8rement mises \u00e0 jour et s&rsquo;enrichissent de nouvelles fonctionnalit\u00e9s. Outre les nouvelles fonctionnalit\u00e9s, nous adaptons notre code aux nouvelles technologies et nous nous assurons que nos extensions restent compatible avec la plus large s\u00e9lection de technologies.<\/p>\n<p>Finally, our support team is very reactive and will help you in setting up the plugins. Our account managers can also accompany you to help you define the best strategy and grow your activity.<\/p>\n<p class=\"translation-block\">You can test our WooCommerce plugins directly on our website <a href=\"https:\/\/plugins.longwatchstudio.com\" target=\"_self\"><strong>plugins.longwatchstudio.com<\/strong><\/a>.<\/p>\n<h2>\n\t\tPopular Plugins\n\t<\/h2>\n\t<a href=\"https:\/\/plugins.longwatchstudio.com\/product\/woore\" target=\"_blank\">\n    <h4>WooRewards<\/h4>\n    <p><img loading=\"lazy\" decoding=\"async\" src=\"https:\/\/longwatchstudio.com\/wp-content\/uploads\/2024\/09\/Logo-With-Blue-Background-150x150.png\" alt=\"\" width=\"150\" height=\"150\" \/><\/p>\n    <p>Loyalty and Rewards program for WooCommerce<\/p>\n<\/a>\n\t<a href=\"https:\/\/plugins.longwatchstudio.com\/product\/referral-codes\/\" target=\"_blank\">\n    <h4>Referral Codes<\/h4>\n    <p><img loading=\"lazy\" decoding=\"async\" src=\"https:\/\/longwatchstudio.com\/wp-content\/uploads\/2024\/09\/Green-Background-With-LoudSpeaker-150x150.png\" alt=\"\" width=\"150\" height=\"150\" \/><\/p>\n    <p>Parrainages et solution de r\u00e9compense d&rsquo;influenceurs<\/p>\n<\/a>\n\t<a href=\"https:\/\/plugins.longwatchstudio.com\/product\/woovirtualwallet\/\" target=\"_blank\">\n    <h4>Virtual Wallet<\/h4>\n    <p><img loading=\"lazy\" decoding=\"async\" src=\"https:\/\/longwatchstudio.com\/wp-content\/uploads\/2024\/09\/Purple-Background-With-Wallet-150x150.png\" alt=\"\" width=\"150\" height=\"150\" \/><\/p>\n    <p>Virtual Wallet with your own currency<\/p>\n<\/a>\n\t<a href=\"https:\/\/plugins.longwatchstudio.com\/product\/woovip\/\" target=\"_blank\">\n    <h4>VIP Membership<\/h4>\n    <p><img loading=\"lazy\" decoding=\"async\" src=\"https:\/\/longwatchstudio.com\/wp-content\/uploads\/2024\/09\/Black-Background-Logo-150x150.png\" alt=\"\" width=\"150\" height=\"150\" \/><\/p>\n    <p>Create private spaces for your esteemed clients<\/p>\n<\/a>\n<h2>\n\t\tSpecific Developments\n\t<\/h2>\n\t<p class=\"translation-block\">Do you have <strong>sp\u00e9cific needs for your website<\/strong> ? Your WordPress\/WooCommerce plugins don't fully meet your expectations ?<\/p>\n<p>Nous pouvons vous aider. Gr\u00e2ce \u00e0 plus de 5 ans d&rsquo;exp\u00e9rience en d\u00e9veloppement d&rsquo;extensions WordPress\/WooCommerce, \u00e0 la fois g\u00e9n\u00e9riques et sp\u00e9cifiques, <strong>nous avons le savoir faire pour personnaliser votre site web<\/strong>.<\/p>\n<p class=\"translation-block\">We can perform custom developments and add features to your plugins or create new ones. The goal is to ease your <strong>day to day management and offer a better experience to your clients<\/strong><\/p>\n<p>Contact us and let's study together your needs and send you a quote.<\/p>\n<h2>\n\t\tA website with your colors\n\t<\/h2>\n\t<p>Long Watch Studio vous accompagne dans la cr\u00e9ation de <strong>votre<\/strong> site web. Notre \u00e9quipe prend le temps de vous conna\u00eetre, vous et votre entreprise, afin de vous proposer le site web le plus adapt\u00e9 \u00e0 vos besoins. Qu&rsquo;il s&rsquo;agisse d&rsquo;un site vitrine pour pr\u00e9senter votre activit\u00e9 ou d&rsquo;une plateforme de vente en ligne, <strong>nos experts sauront r\u00e9pondre \u00e0 vos besoins<\/strong>.<\/p>\n<p>En outre, gr\u00e2ce \u00e0 notre \u00e9quipe de d\u00e9veloppeurs s\u00e9niors, il est possible d&rsquo;<strong>ajouter facilement des fonctionnalit\u00e9s qui vous sont sp\u00e9cifiques<\/strong>. Au del\u00e0 des fonctionnalit\u00e9s standard d&rsquo;un site web, nous pouvons proposer \u00e0 vos visiteurs ou clients une exp\u00e9rience unique qui <strong>renforcera le lien de confiance avec votre marque ou entreprise.<\/strong><\/p>","protected":false},"excerpt":{"rendered":"<p>Votre partenaire pour vos projets informatiques et Web En quelques mots &#8230; Long Watch Studio est une soci\u00e9t\u00e9 de d\u00e9veloppement web et d&rsquo;infog\u00e9rance. Notre philosophie s&rsquo;appuie sur l&rsquo;intelligence collective de notre \u00e9quipe. Chaque personne travaillant au sein de la soci\u00e9t\u00e9 peut exprimer ses id\u00e9es, proposer des am\u00e9liorations ou intervenir sur la politique de l&rsquo;entreprise. Cette&hellip;<\/p>","protected":false},"author":2,"featured_media":0,"parent":0,"menu_order":0,"comment_status":"closed","ping_status":"closed","template":"","meta":{"inline_featured_image":false,"footnotes":""},"class_list":["post-11712","page","type-page","status-publish","hentry"],"yoast_head":"<!-- This site is optimized with the Yoast SEO plugin v27.2 - https:\/\/yoast.com\/product\/yoast-seo-wordpress\/ -->\n<title>Long Watch Studio - Vous apporte le meilleur du Web<\/title>\n<meta name=\"description\" content=\"Long Watch Studio est une agence web sp\u00e9cialis\u00e9e dans le d\u00e9veloppement d&#039;extensions et de sites Wordpress. Nous avons aussi de multiples solutions pour am\u00e9liorer l&#039;image de votre soci\u00e9t\u00e9.\" \/>\n<meta name=\"robots\" content=\"index, follow, max-snippet:-1, max-image-preview:large, max-video-preview:-1\" \/>\n<link rel=\"canonical\" href=\"https:\/\/longwatchstudio.com\/en\/\" \/>\n<meta property=\"og:locale\" content=\"en_US\" \/>\n<meta property=\"og:type\" content=\"article\" \/>\n<meta property=\"og:title\" content=\"Long Watch Studio - Vous apporte le meilleur du Web\" \/>\n<meta property=\"og:description\" content=\"Long Watch Studio est une agence web sp\u00e9cialis\u00e9e dans le d\u00e9veloppement d&#039;extensions et de sites Wordpress. Nous avons aussi de multiples solutions pour am\u00e9liorer l&#039;image de votre soci\u00e9t\u00e9.\" \/>\n<meta property=\"og:url\" content=\"https:\/\/longwatchstudio.com\/en\/\" \/>\n<meta property=\"og:site_name\" content=\"Long Watch Studio\" \/>\n<meta property=\"article:publisher\" content=\"https:\/\/www.facebook.com\/LongWatchStudio\/\" \/>\n<meta property=\"article:modified_time\" content=\"2026-03-12T09:08:11+00:00\" \/>\n<meta property=\"og:image\" content=\"https:\/\/longwatchstudio.com\/wp-content\/uploads\/2023\/08\/Logo-Large-Fond-Fonce.png\" \/>\n<meta name=\"twitter:card\" content=\"summary_large_image\" \/>\n<meta name=\"twitter:label1\" content=\"Est. reading time\" \/>\n\t<meta name=\"twitter:data1\" content=\"6 minutes\" \/>\n<script type=\"application\/ld+json\" class=\"yoast-schema-graph\">{\"@context\":\"https:\/\/schema.org\",\"@graph\":[{\"@type\":\"WebPage\",\"@id\":\"https:\/\/longwatchstudio.com\/\",\"url\":\"https:\/\/longwatchstudio.com\/\",\"name\":\"Long Watch Studio - Vous apporte le meilleur du Web\",\"isPartOf\":{\"@id\":\"https:\/\/longwatchstudio.com\/#website\"},\"primaryImageOfPage\":{\"@id\":\"https:\/\/longwatchstudio.com\/#primaryimage\"},\"image\":{\"@id\":\"https:\/\/longwatchstudio.com\/#primaryimage\"},\"thumbnailUrl\":\"https:\/\/longwatchstudio.com\/wp-content\/uploads\/2023\/08\/Logo-Large-Fond-Fonce.png\",\"datePublished\":\"2016-12-14T08:46:41+00:00\",\"dateModified\":\"2026-03-12T09:08:11+00:00\",\"description\":\"Long Watch Studio est une agence web sp\u00e9cialis\u00e9e dans le d\u00e9veloppement d'extensions et de sites Wordpress. Nous avons aussi de multiples solutions pour am\u00e9liorer l'image de votre soci\u00e9t\u00e9.\",\"breadcrumb\":{\"@id\":\"https:\/\/longwatchstudio.com\/#breadcrumb\"},\"inLanguage\":\"en-US\",\"potentialAction\":[{\"@type\":\"ReadAction\",\"target\":[\"https:\/\/longwatchstudio.com\/\"]}]},{\"@type\":\"ImageObject\",\"inLanguage\":\"en-US\",\"@id\":\"https:\/\/longwatchstudio.com\/#primaryimage\",\"url\":\"https:\/\/longwatchstudio.com\/wp-content\/uploads\/2023\/08\/Logo-Large-Fond-Fonce.png\",\"contentUrl\":\"https:\/\/longwatchstudio.com\/wp-content\/uploads\/2023\/08\/Logo-Large-Fond-Fonce.png\"},{\"@type\":\"BreadcrumbList\",\"@id\":\"https:\/\/longwatchstudio.com\/#breadcrumb\",\"itemListElement\":[{\"@type\":\"ListItem\",\"position\":1,\"name\":\"Accueil\",\"item\":\"https:\/\/longwatchstudio.com\/\"},{\"@type\":\"ListItem\",\"position\":2,\"name\":\"Accueil\"}]},{\"@type\":\"WebSite\",\"@id\":\"https:\/\/longwatchstudio.com\/#website\",\"url\":\"https:\/\/longwatchstudio.com\/\",\"name\":\"Long Watch Studio\",\"description\":\"Vous apporte le meilleur du Web\",\"publisher\":{\"@id\":\"https:\/\/longwatchstudio.com\/#organization\"},\"potentialAction\":[{\"@type\":\"SearchAction\",\"target\":{\"@type\":\"EntryPoint\",\"urlTemplate\":\"https:\/\/longwatchstudio.com\/?s={search_term_string}\"},\"query-input\":{\"@type\":\"PropertyValueSpecification\",\"valueRequired\":true,\"valueName\":\"search_term_string\"}}],\"inLanguage\":\"en-US\"},{\"@type\":\"Organization\",\"@id\":\"https:\/\/longwatchstudio.com\/#organization\",\"name\":\"Long Watch Studio\",\"url\":\"https:\/\/longwatchstudio.com\/\",\"logo\":{\"@type\":\"ImageObject\",\"inLanguage\":\"en-US\",\"@id\":\"https:\/\/longwatchstudio.com\/#\/schema\/logo\/image\/\",\"url\":\"https:\/\/longwatchstudio.com\/wp-content\/uploads\/2016\/11\/logo-site.png\",\"contentUrl\":\"https:\/\/longwatchstudio.com\/wp-content\/uploads\/2016\/11\/logo-site.png\",\"width\":223,\"height\":50,\"caption\":\"Long Watch Studio\"},\"image\":{\"@id\":\"https:\/\/longwatchstudio.com\/#\/schema\/logo\/image\/\"},\"sameAs\":[\"https:\/\/www.facebook.com\/LongWatchStudio\/\"]}]}<\/script>\n<!-- \/ Yoast SEO plugin. -->","yoast_head_json":{"title":"Long Watch Studio - Brings you the best of the web","description":"Long Watch Studio is a web agency specialized in the development of Wordpress extensions and sites. We also have multiple solutions to improve the image of your company.","robots":{"index":"index","follow":"follow","max-snippet":"max-snippet:-1","max-image-preview":"max-image-preview:large","max-video-preview":"max-video-preview:-1"},"canonical":"https:\/\/longwatchstudio.com\/en\/","og_locale":"en_US","og_type":"article","og_title":"Long Watch Studio - Vous apporte le meilleur du Web","og_description":"Long Watch Studio est une agence web sp\u00e9cialis\u00e9e dans le d\u00e9veloppement d'extensions et de sites Wordpress. Nous avons aussi de multiples solutions pour am\u00e9liorer l'image de votre soci\u00e9t\u00e9.","og_url":"https:\/\/longwatchstudio.com\/en\/","og_site_name":"Long Watch Studio","article_publisher":"https:\/\/www.facebook.com\/LongWatchStudio\/","article_modified_time":"2026-03-12T09:08:11+00:00","og_image":[{"url":"https:\/\/longwatchstudio.com\/wp-content\/uploads\/2023\/08\/Logo-Large-Fond-Fonce.png","type":"","width":"","height":""}],"twitter_card":"summary_large_image","twitter_misc":{"Est. reading time":"6 minutes"},"schema":{"@context":"https:\/\/schema.org","@graph":[{"@type":"WebPage","@id":"https:\/\/longwatchstudio.com\/","url":"https:\/\/longwatchstudio.com\/","name":"Long Watch Studio - Brings you the best of the web","isPartOf":{"@id":"https:\/\/longwatchstudio.com\/#website"},"primaryImageOfPage":{"@id":"https:\/\/longwatchstudio.com\/#primaryimage"},"image":{"@id":"https:\/\/longwatchstudio.com\/#primaryimage"},"thumbnailUrl":"https:\/\/longwatchstudio.com\/wp-content\/uploads\/2023\/08\/Logo-Large-Fond-Fonce.png","datePublished":"2016-12-14T08:46:41+00:00","dateModified":"2026-03-12T09:08:11+00:00","description":"Long Watch Studio is a web agency specialized in the development of Wordpress extensions and sites. We also have multiple solutions to improve the image of your company.","breadcrumb":{"@id":"https:\/\/longwatchstudio.com\/#breadcrumb"},"inLanguage":"en-US","potentialAction":[{"@type":"ReadAction","target":["https:\/\/longwatchstudio.com\/"]}]},{"@type":"ImageObject","inLanguage":"en-US","@id":"https:\/\/longwatchstudio.com\/#primaryimage","url":"https:\/\/longwatchstudio.com\/wp-content\/uploads\/2023\/08\/Logo-Large-Fond-Fonce.png","contentUrl":"https:\/\/longwatchstudio.com\/wp-content\/uploads\/2023\/08\/Logo-Large-Fond-Fonce.png"},{"@type":"BreadcrumbList","@id":"https:\/\/longwatchstudio.com\/#breadcrumb","itemListElement":[{"@type":"ListItem","position":1,"name":"Accueil","item":"https:\/\/longwatchstudio.com\/"},{"@type":"ListItem","position":2,"name":"Accueil"}]},{"@type":"WebSite","@id":"https:\/\/longwatchstudio.com\/#website","url":"https:\/\/longwatchstudio.com\/","name":"Long Watch Studio","description":"Brings you the best of the Web","publisher":{"@id":"https:\/\/longwatchstudio.com\/#organization"},"potentialAction":[{"@type":"SearchAction","target":{"@type":"EntryPoint","urlTemplate":"https:\/\/longwatchstudio.com\/?s={search_term_string}"},"query-input":{"@type":"PropertyValueSpecification","valueRequired":true,"valueName":"search_term_string"}}],"inLanguage":"en-US"},{"@type":"Organization","@id":"https:\/\/longwatchstudio.com\/#organization","name":"Long Watch Studio","url":"https:\/\/longwatchstudio.com\/","logo":{"@type":"ImageObject","inLanguage":"en-US","@id":"https:\/\/longwatchstudio.com\/#\/schema\/logo\/image\/","url":"https:\/\/longwatchstudio.com\/wp-content\/uploads\/2016\/11\/logo-site.png","contentUrl":"https:\/\/longwatchstudio.com\/wp-content\/uploads\/2016\/11\/logo-site.png","width":223,"height":50,"caption":"Long Watch Studio"},"image":{"@id":"https:\/\/longwatchstudio.com\/#\/schema\/logo\/image\/"},"sameAs":["https:\/\/www.facebook.com\/LongWatchStudio\/"]}]}},"_links":{"self":[{"href":"https:\/\/longwatchstudio.com\/en\/wp-json\/wp\/v2\/pages\/11712","targetHints":{"allow":["GET"]}}],"collection":[{"href":"https:\/\/longwatchstudio.com\/en\/wp-json\/wp\/v2\/pages"}],"about":[{"href":"https:\/\/longwatchstudio.com\/en\/wp-json\/wp\/v2\/types\/page"}],"author":[{"embeddable":true,"href":"https:\/\/longwatchstudio.com\/en\/wp-json\/wp\/v2\/users\/2"}],"replies":[{"embeddable":true,"href":"https:\/\/longwatchstudio.com\/en\/wp-json\/wp\/v2\/comments?post=11712"}],"version-history":[{"count":109,"href":"https:\/\/longwatchstudio.com\/en\/wp-json\/wp\/v2\/pages\/11712\/revisions"}],"predecessor-version":[{"id":13087,"href":"https:\/\/longwatchstudio.com\/en\/wp-json\/wp\/v2\/pages\/11712\/revisions\/13087"}],"wp:attachment":[{"href":"https:\/\/longwatchstudio.com\/en\/wp-json\/wp\/v2\/media?parent=11712"}],"curies":[{"name":"wp","href":"https:\/\/api.w.org\/{rel}","templated":true}]}}