{"id":12823,"date":"2023-08-23T08:06:41","date_gmt":"2023-08-23T06:06:41","guid":{"rendered":"https:\/\/longwatchstudio.com\/?page_id=12823"},"modified":"2024-09-17T12:41:17","modified_gmt":"2024-09-17T10:41:17","slug":"web-design","status":"publish","type":"page","link":"https:\/\/longwatchstudio.com\/en\/web-design\/","title":{"rendered":"Web Design"},"content":{"rendered":"<h2>\n    Votre futur <b>Site Web<\/b>\n    Votre futur <b>Site Web<\/b>\n<\/h2>\n<h4 class=\"translation-block\"><span class=\"fl-heading-text\">Create <strong>a tailored website<\/strong> with a hint of magic <strong>will not leave your visitors indifferent<\/strong>.<\/span><\/h4>\n<h2>\n\t\tA proven method\n\t<\/h2>\n\t<p>Our website creation process is simple and effective. It has been the same for many years and has always brought full satisfaction to our customers:<\/p>\n<ul>\n<li>Contact and preliminary information<\/li>\n<li class=\"translation-block\">Interview (appointment, video, telephone) to <strong>get to know you<\/strong><\/li>\n<li>Definition of the need and exchange of questions and answers to refine the project<\/li>\n<li class=\"translation-block\">Edition of the <strong>quote supported by a complete set of specifications<\/strong><\/li>\n<li>Quote validation and initial payment (20%)<\/li>\n<li>Purchase by the customer of external resources if necessary<\/li>\n<li>Website development on our demo platform<\/li>\n<li class=\"translation-block\"><strong>Validation of the different contents with the client<\/strong>, retouching if necessary<\/li>\n<li>Accompagnement du client dans la mise en place d&rsquo;un h\u00e9bergement<\/li>\n<li>Website launch and second payment (40%)<\/li>\n<li>Site monitoring and maintenance for 1 month to finalize the details.<\/li>\n<li>Final payment once the project is completed (40%)<\/li>\n<\/ul>\n<p>&nbsp;<\/p>\n<p class=\"translation-block\">This method ensures complete transparency between our team and you. You know exactly what you are buying: <strong>A website designed for you with no hidden costs<\/strong>.<\/p>\n<blockquote><p><strong>Vous \u00eates pleinement propri\u00e9taire<\/strong> d&rsquo;un site d\u00e9velopp\u00e9 par nos soins. L&rsquo;h\u00e9bergement, les extensions et le site sont \u00e0 vous et vous pouvez choisir qui maintiendra votre site ou le maintenir vous-m\u00eame.<\/p><\/blockquote>\n<h2>\n\t\tYour online showcase\n\t<\/h2>\n\t<p class=\"translation-block\">An online showcase is essential to make <strong>your business and the services you offer known<\/strong>. In addition, a quality showcase site will immediately put <strong>your future customers at ease<\/strong>.<\/p>\n<p class=\"translation-block\">Showcase sites are <strong>particularly suitable for craftsmen and VSEs that sell services<\/strong>. Our team will be able to highlight your activity and the information needed to contact you and use your services.<\/p>\n    Site Web Vitrine &#8211; 5 pages\n    1 000\u20ac HT\n    Comprend les \u00e9l\u00e9ments suivants :\n    <ul>\n        <li>Discussion and definition of customer needs<\/li>\n        <li>R\u00e9daction du devis, du contrat et du cahier des charges<\/li>\n        <li>Accompagnement pour l&rsquo;achat d&rsquo;un nom de domaine et d&rsquo;un h\u00e9bergement<\/li>\n        <li>Fourniture d&rsquo;un site web maquette durant le temps de d\u00e9veloppement<\/li>\n        <li>R\u00e9alisation d&rsquo;un bandeau sup\u00e9rieur reprenant l&rsquo;identit\u00e9 visuelle du client\u00a0: logo, couleurs, police de caract\u00e8res. Un menu est \u00e9galement pr\u00e9sent pour naviguer sur le site web<\/li>\n        <li>R\u00e9alisation d&rsquo;une page d&rsquo;accueil permettant de pr\u00e9senter rapidement l&rsquo;activit\u00e9 du client ainsi que des actualit\u00e9s.<\/li>\n        <li>4 detail pages. The content of these pages is to be discussed with the client<\/li>\n        <li>Installation of the final website<\/li>\n    <\/ul>\n    Options suppl\u00e9mentaires\n    Page suppl\u00e9mentaire\n    100\u20ac HT\n    Bandeau d\u00e9filant et promotions\n    250\u20ac HT\n    Outil de newsletters\n    450\u20ac HT\n    Maintenance annuelle\n    500\u20ac HT\n<h2>\n\t\tYour E-Shop\n\t<\/h2>\n\t<p>If you want to start an online store, it is important to prepare your project well before you start. There are many parameters to take into account:<\/p>\n<ul>\n<li>What products do you sell?<\/li>\n<li>Will the online sales site be the main source of income or just a supplementary source?<\/li>\n<li>Who will be your customers?<\/li>\n<li>What is the expected average basket?<\/li>\n<li>How will you attract customers to your website?<\/li>\n<li>Do you want to set up additional systems such as loyalty, social networks, newsletters?<\/li>\n<li>What budget do you want to allocate to the creation of the website, its maintenance, and SEO?<\/li>\n<li>Avez-vous les comp\u00e9tences n\u00e9cessaires \u00e0 la gestion de cette boutique ou avez-vous besoin d&rsquo;un accompagnement, une formation ?<\/li>\n<\/ul>\n<p>Il n&rsquo;est pas possible de pr\u00e9senter un prix g\u00e9n\u00e9rique pour la cr\u00e9ation d&rsquo;un site de vente en ligne. Il y a trop de facteurs qui rentrent en compte. C&rsquo;est pourquoi la solution la plus simple est de <strong>nous contacter afin de nous faire part de votre projet<\/strong>. Nos \u00e9quipes \u00e9tudieront avec soin votre demande et vous proposeront une offre adapt\u00e9e.<\/p>\n<p class=\"translation-block\">This method ensures complete transparency between our team and you. You know exactly what you are buying: <strong>A website designed for you with no hidden costs<\/strong>.<\/p>\n<blockquote><strong>Nos \u00e9quipes vous proposeront une solution sur mesure<\/strong> qui tiendra compte de l&rsquo;ensemble de vos besoins et contraintes. Un site de vente en ligne r\u00e9alis\u00e9 par nos \u00e9quipes est r\u00e9ellement pens\u00e9 pour vous.<br \/>\n<\/blockquote>","protected":false},"excerpt":{"rendered":"<p>Votre futur Site Web Votre futur Site Web Cr\u00e9ez un site \u00e0 votre image avec un soup\u00e7on de magie qui ne laissera pas vos visiteurs indiff\u00e9rents. Une m\u00e9thode \u00e9prouv\u00e9e Notre processus de cr\u00e9ation de sites web est simple et efficace. Il est le m\u00eame depuis de nombreuses ann\u00e9es et a toujours apport\u00e9 pleine satisfaction \u00e0&hellip;<\/p>","protected":false},"author":2,"featured_media":0,"parent":0,"menu_order":0,"comment_status":"closed","ping_status":"closed","template":"","meta":{"inline_featured_image":false,"footnotes":""},"class_list":["post-12823","page","type-page","status-publish","hentry"],"yoast_head":"<!-- This site is optimized with the Yoast SEO plugin v27.2 - https:\/\/yoast.com\/product\/yoast-seo-wordpress\/ -->\n<title>Web Design - Long Watch Studio<\/title>\n<meta name=\"robots\" content=\"index, follow, max-snippet:-1, max-image-preview:large, max-video-preview:-1\" \/>\n<link rel=\"canonical\" href=\"https:\/\/longwatchstudio.com\/en\/web-design\/\" \/>\n<meta property=\"og:locale\" content=\"en_US\" \/>\n<meta property=\"og:type\" content=\"article\" \/>\n<meta property=\"og:title\" content=\"Web Design - Long Watch Studio\" \/>\n<meta property=\"og:description\" content=\"Votre futur Site Web Votre futur Site Web Cr\u00e9ez un site \u00e0 votre image avec un soup\u00e7on de magie qui ne laissera pas vos visiteurs indiff\u00e9rents. Une m\u00e9thode \u00e9prouv\u00e9e Notre processus de cr\u00e9ation de sites web est simple et efficace. Il est le m\u00eame depuis de nombreuses ann\u00e9es et a toujours apport\u00e9 pleine satisfaction \u00e0&hellip;\" \/>\n<meta property=\"og:url\" content=\"https:\/\/longwatchstudio.com\/en\/web-design\/\" \/>\n<meta property=\"og:site_name\" content=\"Long Watch Studio\" \/>\n<meta property=\"article:publisher\" content=\"https:\/\/www.facebook.com\/LongWatchStudio\/\" \/>\n<meta property=\"article:modified_time\" content=\"2024-09-17T10:41:17+00:00\" \/>\n<meta name=\"twitter:card\" content=\"summary_large_image\" \/>\n<script type=\"application\/ld+json\" class=\"yoast-schema-graph\">{\"@context\":\"https:\/\/schema.org\",\"@graph\":[{\"@type\":\"WebPage\",\"@id\":\"https:\/\/longwatchstudio.com\/web-design\/\",\"url\":\"https:\/\/longwatchstudio.com\/web-design\/\",\"name\":\"Web Design - Long Watch Studio\",\"isPartOf\":{\"@id\":\"https:\/\/longwatchstudio.com\/#website\"},\"datePublished\":\"2023-08-23T06:06:41+00:00\",\"dateModified\":\"2024-09-17T10:41:17+00:00\",\"breadcrumb\":{\"@id\":\"https:\/\/longwatchstudio.com\/web-design\/#breadcrumb\"},\"inLanguage\":\"en-US\",\"potentialAction\":[{\"@type\":\"ReadAction\",\"target\":[\"https:\/\/longwatchstudio.com\/web-design\/\"]}]},{\"@type\":\"BreadcrumbList\",\"@id\":\"https:\/\/longwatchstudio.com\/web-design\/#breadcrumb\",\"itemListElement\":[{\"@type\":\"ListItem\",\"position\":1,\"name\":\"Accueil\",\"item\":\"https:\/\/longwatchstudio.com\/\"},{\"@type\":\"ListItem\",\"position\":2,\"name\":\"Web Design\"}]},{\"@type\":\"WebSite\",\"@id\":\"https:\/\/longwatchstudio.com\/#website\",\"url\":\"https:\/\/longwatchstudio.com\/\",\"name\":\"Long Watch Studio\",\"description\":\"Vous apporte le meilleur du Web\",\"publisher\":{\"@id\":\"https:\/\/longwatchstudio.com\/#organization\"},\"potentialAction\":[{\"@type\":\"SearchAction\",\"target\":{\"@type\":\"EntryPoint\",\"urlTemplate\":\"https:\/\/longwatchstudio.com\/?s={search_term_string}\"},\"query-input\":{\"@type\":\"PropertyValueSpecification\",\"valueRequired\":true,\"valueName\":\"search_term_string\"}}],\"inLanguage\":\"en-US\"},{\"@type\":\"Organization\",\"@id\":\"https:\/\/longwatchstudio.com\/#organization\",\"name\":\"Long Watch Studio\",\"url\":\"https:\/\/longwatchstudio.com\/\",\"logo\":{\"@type\":\"ImageObject\",\"inLanguage\":\"en-US\",\"@id\":\"https:\/\/longwatchstudio.com\/#\/schema\/logo\/image\/\",\"url\":\"https:\/\/longwatchstudio.com\/wp-content\/uploads\/2016\/11\/logo-site.png\",\"contentUrl\":\"https:\/\/longwatchstudio.com\/wp-content\/uploads\/2016\/11\/logo-site.png\",\"width\":223,\"height\":50,\"caption\":\"Long Watch Studio\"},\"image\":{\"@id\":\"https:\/\/longwatchstudio.com\/#\/schema\/logo\/image\/\"},\"sameAs\":[\"https:\/\/www.facebook.com\/LongWatchStudio\/\"]}]}<\/script>\n<!-- \/ Yoast SEO plugin. -->","yoast_head_json":{"title":"Web Design - Long Watch Studio","robots":{"index":"index","follow":"follow","max-snippet":"max-snippet:-1","max-image-preview":"max-image-preview:large","max-video-preview":"max-video-preview:-1"},"canonical":"https:\/\/longwatchstudio.com\/en\/web-design\/","og_locale":"en_US","og_type":"article","og_title":"Web Design - Long Watch Studio","og_description":"Votre futur Site Web Votre futur Site Web Cr\u00e9ez un site \u00e0 votre image avec un soup\u00e7on de magie qui ne laissera pas vos visiteurs indiff\u00e9rents. Une m\u00e9thode \u00e9prouv\u00e9e Notre processus de cr\u00e9ation de sites web est simple et efficace. Il est le m\u00eame depuis de nombreuses ann\u00e9es et a toujours apport\u00e9 pleine satisfaction \u00e0&hellip;","og_url":"https:\/\/longwatchstudio.com\/en\/web-design\/","og_site_name":"Long Watch Studio","article_publisher":"https:\/\/www.facebook.com\/LongWatchStudio\/","article_modified_time":"2024-09-17T10:41:17+00:00","twitter_card":"summary_large_image","schema":{"@context":"https:\/\/schema.org","@graph":[{"@type":"WebPage","@id":"https:\/\/longwatchstudio.com\/web-design\/","url":"https:\/\/longwatchstudio.com\/web-design\/","name":"Web Design - Long Watch Studio","isPartOf":{"@id":"https:\/\/longwatchstudio.com\/#website"},"datePublished":"2023-08-23T06:06:41+00:00","dateModified":"2024-09-17T10:41:17+00:00","breadcrumb":{"@id":"https:\/\/longwatchstudio.com\/web-design\/#breadcrumb"},"inLanguage":"en-US","potentialAction":[{"@type":"ReadAction","target":["https:\/\/longwatchstudio.com\/web-design\/"]}]},{"@type":"BreadcrumbList","@id":"https:\/\/longwatchstudio.com\/web-design\/#breadcrumb","itemListElement":[{"@type":"ListItem","position":1,"name":"Accueil","item":"https:\/\/longwatchstudio.com\/"},{"@type":"ListItem","position":2,"name":"Web Design"}]},{"@type":"WebSite","@id":"https:\/\/longwatchstudio.com\/#website","url":"https:\/\/longwatchstudio.com\/","name":"Long Watch Studio","description":"Brings you the best of the Web","publisher":{"@id":"https:\/\/longwatchstudio.com\/#organization"},"potentialAction":[{"@type":"SearchAction","target":{"@type":"EntryPoint","urlTemplate":"https:\/\/longwatchstudio.com\/?s={search_term_string}"},"query-input":{"@type":"PropertyValueSpecification","valueRequired":true,"valueName":"search_term_string"}}],"inLanguage":"en-US"},{"@type":"Organization","@id":"https:\/\/longwatchstudio.com\/#organization","name":"Long Watch Studio","url":"https:\/\/longwatchstudio.com\/","logo":{"@type":"ImageObject","inLanguage":"en-US","@id":"https:\/\/longwatchstudio.com\/#\/schema\/logo\/image\/","url":"https:\/\/longwatchstudio.com\/wp-content\/uploads\/2016\/11\/logo-site.png","contentUrl":"https:\/\/longwatchstudio.com\/wp-content\/uploads\/2016\/11\/logo-site.png","width":223,"height":50,"caption":"Long Watch Studio"},"image":{"@id":"https:\/\/longwatchstudio.com\/#\/schema\/logo\/image\/"},"sameAs":["https:\/\/www.facebook.com\/LongWatchStudio\/"]}]}},"_links":{"self":[{"href":"https:\/\/longwatchstudio.com\/en\/wp-json\/wp\/v2\/pages\/12823","targetHints":{"allow":["GET"]}}],"collection":[{"href":"https:\/\/longwatchstudio.com\/en\/wp-json\/wp\/v2\/pages"}],"about":[{"href":"https:\/\/longwatchstudio.com\/en\/wp-json\/wp\/v2\/types\/page"}],"author":[{"embeddable":true,"href":"https:\/\/longwatchstudio.com\/en\/wp-json\/wp\/v2\/users\/2"}],"replies":[{"embeddable":true,"href":"https:\/\/longwatchstudio.com\/en\/wp-json\/wp\/v2\/comments?post=12823"}],"version-history":[{"count":14,"href":"https:\/\/longwatchstudio.com\/en\/wp-json\/wp\/v2\/pages\/12823\/revisions"}],"predecessor-version":[{"id":12914,"href":"https:\/\/longwatchstudio.com\/en\/wp-json\/wp\/v2\/pages\/12823\/revisions\/12914"}],"wp:attachment":[{"href":"https:\/\/longwatchstudio.com\/en\/wp-json\/wp\/v2\/media?parent=12823"}],"curies":[{"name":"wp","href":"https:\/\/api.w.org\/{rel}","templated":true}]}}