{"id":12891,"date":"2024-09-11T09:57:52","date_gmt":"2024-09-11T07:57:52","guid":{"rendered":"https:\/\/longwatchstudio.com\/?page_id=12891"},"modified":"2024-09-20T12:20:29","modified_gmt":"2024-09-20T10:20:29","slug":"custom-development","status":"publish","type":"page","link":"https:\/\/longwatchstudio.com\/en\/developpements-specifiques\/","title":{"rendered":"Specific Developments"},"content":{"rendered":"<h2>\n    D\u00e9veloppements <b>Sur Mesure<\/b>\n    D\u00e9veloppements <b>Sur Mesure<\/b>\n<\/h2>\n    AddOns d&rsquo;Extensions\n    Fonctionnalit\u00e9s WooCommerce\n    Extensions Sp\u00e9cifiques\n    <h2>Specific Development<\/h2>\n    <h2>Our expertise at your service<\/h2>\n\t<p>Sometimes, your vision is unique and requires development experts. Our WooCommerce Development team can help you.<\/p>\n<p>WordPress et WooCommerce sont une excellente solution pour cr\u00e9er votre boutique en ligne. C&rsquo;est pourquoi la plupart des propri\u00e9taires de magasins choisissent cette solution pour cr\u00e9er leur boutique en ligne. Cependant, WooCommerce lui-m\u00eame ne fournit que les principales fonctionnalit\u00e9s que vous pouvez attendre d&rsquo;une boutique en ligne. <strong>Heureusement, WooCommerce est un syst\u00e8me tr\u00e8s ouvert qui permet de nombreuses personnalisations<\/strong>.<\/p>\n<p>Vous pouvez l&rsquo;am\u00e9liorer avec de nombreuses extensions (y compris les n\u00f4tres) et cr\u00e9er le site Web que vous d\u00e9sirez. <strong>Mais parfois, vous avez une id\u00e9e et ne trouvez pas l&rsquo;extension qui fournit la solution<\/strong>. Ou pas comme vous le souhaitez.<\/p>\n<p>Dans ce cas, il est temps de trouver une \u00e9quipe qui transformera votre id\u00e9e en r\u00e9alit\u00e9. C&rsquo;est l\u00e0 que notre \u00e9quipe intervient.<\/p>\n    <h2>Policy<\/h2>\n    <h2>L&rsquo;\u00e9thique est importante<\/h2>\n\t<p class=\"translation-block\">Our development policy is quite simple. <strong>We don't offer development that is not necessary<\/strong>.<\/p>\n<p>Lorsque les clients viennent nous voir avec une id\u00e9e ou un projet, nous l&rsquo;analysons d&rsquo;abord et essayons de le comprendre. Si nous avons besoin de plus d&rsquo;informations, nous les demandons. Lorsque nous sommes s\u00fbrs d&rsquo;avoir compris ce que le client souhaite obtenir, <strong>nous essayons de trouver la meilleure solution<\/strong>. Souvent, cela ne n\u00e9cessite aucun d\u00e9veloppement, il suffit simplement d&rsquo;envisager le probl\u00e8me sous un angle diff\u00e9rent.<\/p>\n<p>If, in the end, a specific development is required, we have different price options depending on the initial request.<\/p>\n    <h2>Pricing<\/h2>\n    <h2>L&rsquo;expertise a un co\u00fbt<\/h2>\n\t<p>Notre \u00e9quipe de d\u00e9veloppement experte est situ\u00e9e en Europe. Avec plus de 20 ans d&rsquo;exp\u00e9rience en d\u00e9veloppement web, ils savent rapidement construire une solution adapt\u00e9e \u00e0 votre demande. <strong>Nos prix journaliers peuvent para\u00eetre \u00e9lev\u00e9s mais, au final, les d\u00e9veloppements que nous r\u00e9alisons vous co\u00fbtent souvent moins cher qu&rsquo;un d\u00e9veloppement r\u00e9alis\u00e9 par une \u00e9quipe low cost<\/strong>.<\/p>\n<p>Our pricing is as follows:<\/p>\n<ul>\n<li><strong>D\u00e9veloppement plein tarif &#8211; 800\u20ac\/jour<\/strong> : C&rsquo;est la tarification pour la plupart des d\u00e9veloppements. Il peut s&rsquo;agir d&rsquo;un plugin sp\u00e9cifique, d&rsquo;une nouvelle fonctionnalit\u00e9 dans un plugin existant ou d&rsquo;un gros d\u00e9veloppement.<\/li>\n<li><strong>D\u00e9veloppement demi tarif &#8211; 400\u20ac\/jour<\/strong> : Si vous souhaitez que nous d\u00e9veloppions une nouvelle fonctionnalit\u00e9 dans l&rsquo;un de nos plugins, nous pouvons le faire \u00e0 un prix r\u00e9duit. Consultez les pr\u00e9requis ci-dessous<\/li>\n<li><strong>D\u00e9veloppement gratuit<\/strong> : Dans certains cas, nous pouvons d\u00e9velopper gratuitement la fonctionnalit\u00e9 que vous souhaitez ! Vous trouverez plus d&rsquo;informations ci-dessous.<\/li>\n<\/ul>\n    <h2>Full Price<\/h2>\n    <h2>Big projects and WooCommerce Developments<\/h2>\n\tIf the WooCommerce development you request is outside the scope of our existing extensions, it will count as full-price development. In order to start development, you need to follow a procedure.<br \/>\n\n<p>Vous devez d&rsquo;abord nous envoyer un <strong>sp\u00e9cification d\u00e9taill\u00e9e<\/strong> contenant les informations suivantes\u00a0:<\/p>\n<ul>\n<li>A detailed description of the required features<\/li>\n<li>A description of your working environment (server, CMS, plugins, software)<\/li>\n<li>A desired delivery time<\/li>\n<\/ul>\n<p class=\"translation-block\">If we obtain all the information, <strong>we will study your requirement and produce our own specification in which we will detail how we plan to carry out the development<\/strong>. This specification will be returned to you with a detailed quotation. If you accept the quotation, we will send you a contract to sign and an invoice for the first payment. Once the contract is signed and the first payment is made, the development begins.<\/p>\n<p>You will need to provide the following to our team:<\/p>\n<ul>\n<li>A test\/staging server representative of your live environment where we can test our development<\/li>\n<li>Full access to all software and hardware needed to complete the development.<\/li>\n<\/ul>\n<p>Prices will vary depending on demand. Please send us your project details and we will get back to you.<\/p>\n    <h2>Half price<\/h2>\n    <h2>Development for our existing plugins<\/h2>\n\t<p>Si vous souhaitez demander une fonctionnalit\u00e9 qui ajoutera une fonctionnalit\u00e9 \u00e0 l&rsquo;un de <a href=\"https:\/\/plugins.longwatchstudio.com\/\" target=\"_blank\" rel=\"noopener\">nos plugins vendus<\/a>, vous pouvez b\u00e9n\u00e9ficier d&rsquo;un d\u00e9veloppement \u00e0 prix r\u00e9duit.<\/p>\n<p>Vous pouvez b\u00e9n\u00e9ficier d&rsquo;un d\u00e9veloppement \u00e0 prix r\u00e9duit dans les circonstances suivantes\u00a0:<\/p>\n<ul>\n<li>L&rsquo;\u00e9quipe voit l&rsquo;int\u00e9r\u00eat de la fonctionnalit\u00e9 pour d&rsquo;autres clients.<\/li>\n<li>You want the feature to be developed as quickly as possible.<\/li>\n<\/ul>\n    <h2>Free<\/h2>\n    <h2>You have great ideas !<\/h2>\n\t<p>Si vous avez une id\u00e9e de nouvelle fonctionnalit\u00e9 pour <a href=\"https:\/\/plugins.longwatchstudio.com\/\" target=\"_blank\" rel=\"noopener\">l&rsquo;une de nos extensions<\/a>, n&rsquo;h\u00e9sitez pas \u00e0 nous contacter. Soumettez votre id\u00e9e \u00e0 notre \u00e9quipe et nous vous ferons savoir si nous sommes pr\u00eats \u00e0 l&rsquo;ajouter dans une future version.<\/p>\n<p>For the feature to be developed for free, it must meet the following requirements:<\/p>\n<ul>\n<li><strong>L&rsquo;\u00e9quipe voit l&rsquo;int\u00e9r\u00eat de la fonctionnalit\u00e9 pour d&rsquo;autres clients.<\/strong><\/li>\n<li>Vous pouvez attendre qu&rsquo;elle soit ajout\u00e9e dans une mise \u00e0 jour officielle (cela peut prendre jusqu&rsquo;\u00e0 4 mois)<\/li>\n<li class=\"translation-block\">It <strong>requires no more than 3 days of development<\/strong>.<\/li>\n<\/ul>\n<p>Avant de nous contacter, assurez-vous que la fonctionnalit\u00e9 n&rsquo;existe pas d\u00e9j\u00e0. Pour une liste exhaustive des fonctionnalit\u00e9s des extensions, consultez notre <a href=\"https:\/\/plugins.longwatchstudio.com\/knowledge-base\/\" target=\"_blank\" rel=\"noopener\">documentation<\/a>.<\/p>\n\t<h2>Besoin d&rsquo;un expert ?<\/h2>\n\t\t\t\t<img loading=\"lazy\" decoding=\"async\" src=\"https:\/\/longwatchstudio.com\/wp-content\/uploads\/2024\/09\/specific-development-300x184.png\" alt=\"specific-development\" itemprop=\"image\" height=\"184\" width=\"300\" title=\"specific-development\" onerror=\"this.style.display='none'\"  \/>\n\t<p>Envoyez-nous un email avec votre demande \u00e0 <strong><a href=\"mailto:plugins@longwatchstudio.com\">plugins@longwatchstudio.com<\/a><\/strong>. Notre \u00e9quipe se r\u00e9unira pour l&rsquo;\u00e9tudier et trouver la meilleure solution pour vous. Voici pourquoi vous devriez demander notre expertise :<\/p>\n<ul>\n<li><strong>S\u00e9curit\u00e9<\/strong> : Nous concevons des solutions s\u00e9curis\u00e9es qui n&rsquo;ajouteront pas de vuln\u00e9rabilit\u00e9s \u00e0 votre site Web.<\/li>\n<li class=\"translation-block\"><strong>Performance<\/strong>: Our knowledge of how WordPress works allows us to create solutions that will not slow down your website.<\/li>\n<li class=\"translation-block\"><strong>Understanding<\/strong>: We take the time to understand what you want and will only offer our services if we can provide the right solution.<\/li>\n<li class=\"translation-block\"><strong>Service<\/strong>: Our team is always available to answer your questions, help you implement the solution, and support it afterwards.<\/li>\n<li><strong>D\u00e9lai court<\/strong> : Nous n&rsquo;avons que des d\u00e9veloppeurs experts qui travaillent sur des d\u00e9veloppements sp\u00e9cifiques. La plupart des projets sont livr\u00e9s dans les 15 jours suivant leur approbation.<\/li>\n<\/ul>\n<p>&nbsp;<\/p>\n<p>Send us an email or use the form below to tell us what you would like to achieve. We always respond within 24 hours.<\/p>","protected":false},"excerpt":{"rendered":"<p>D\u00e9veloppements Sur Mesure D\u00e9veloppements Sur Mesure AddOns d&rsquo;Extensions Fonctionnalit\u00e9s WooCommerce Extensions Sp\u00e9cifiques D\u00e9veloppement Sp\u00e9cifique Notre expertise \u00e0 votre service Parfois, votre vision est unique et n\u00e9cessite des experts en d\u00e9veloppement. Notre \u00e9quipe de d\u00e9veloppement WooCommerce peut vous aider. WordPress et WooCommerce sont une excellente solution pour cr\u00e9er votre boutique en ligne. C&rsquo;est pourquoi la plupart&hellip;<\/p>","protected":false},"author":2,"featured_media":0,"parent":0,"menu_order":0,"comment_status":"closed","ping_status":"closed","template":"","meta":{"inline_featured_image":false,"footnotes":""},"class_list":["post-12891","page","type-page","status-publish","hentry"],"yoast_head":"<!-- This site is optimized with the Yoast SEO plugin v27.2 - https:\/\/yoast.com\/product\/yoast-seo-wordpress\/ -->\n<title>D\u00e9veloppements Sp\u00e9cifiques - Long Watch Studio<\/title>\n<meta name=\"robots\" content=\"index, follow, max-snippet:-1, max-image-preview:large, max-video-preview:-1\" \/>\n<link rel=\"canonical\" href=\"https:\/\/longwatchstudio.com\/en\/custom-development\/\" \/>\n<meta property=\"og:locale\" content=\"en_US\" \/>\n<meta property=\"og:type\" content=\"article\" \/>\n<meta property=\"og:title\" content=\"D\u00e9veloppements Sp\u00e9cifiques - Long Watch Studio\" \/>\n<meta property=\"og:description\" content=\"D\u00e9veloppements Sur Mesure D\u00e9veloppements Sur Mesure AddOns d&rsquo;Extensions Fonctionnalit\u00e9s WooCommerce Extensions Sp\u00e9cifiques D\u00e9veloppement Sp\u00e9cifique Notre expertise \u00e0 votre service Parfois, votre vision est unique et n\u00e9cessite des experts en d\u00e9veloppement. Notre \u00e9quipe de d\u00e9veloppement WooCommerce peut vous aider. WordPress et WooCommerce sont une excellente solution pour cr\u00e9er votre boutique en ligne. C&rsquo;est pourquoi la plupart&hellip;\" \/>\n<meta property=\"og:url\" content=\"https:\/\/longwatchstudio.com\/en\/custom-development\/\" \/>\n<meta property=\"og:site_name\" content=\"Long Watch Studio\" \/>\n<meta property=\"article:publisher\" content=\"https:\/\/www.facebook.com\/LongWatchStudio\/\" \/>\n<meta property=\"article:modified_time\" content=\"2024-09-20T10:20:29+00:00\" \/>\n<meta property=\"og:image\" content=\"https:\/\/longwatchstudio.com\/wp-content\/uploads\/2024\/09\/specific-development-300x184.png\" \/>\n<meta name=\"twitter:card\" content=\"summary_large_image\" \/>\n<script type=\"application\/ld+json\" class=\"yoast-schema-graph\">{\"@context\":\"https:\/\/schema.org\",\"@graph\":[{\"@type\":\"WebPage\",\"@id\":\"https:\/\/longwatchstudio.com\/developpements-specifiques\/\",\"url\":\"https:\/\/longwatchstudio.com\/developpements-specifiques\/\",\"name\":\"D\u00e9veloppements Sp\u00e9cifiques - Long Watch Studio\",\"isPartOf\":{\"@id\":\"https:\/\/longwatchstudio.com\/#website\"},\"primaryImageOfPage\":{\"@id\":\"https:\/\/longwatchstudio.com\/developpements-specifiques\/#primaryimage\"},\"image\":{\"@id\":\"https:\/\/longwatchstudio.com\/developpements-specifiques\/#primaryimage\"},\"thumbnailUrl\":\"https:\/\/longwatchstudio.com\/wp-content\/uploads\/2024\/09\/specific-development-300x184.png\",\"datePublished\":\"2024-09-11T07:57:52+00:00\",\"dateModified\":\"2024-09-20T10:20:29+00:00\",\"breadcrumb\":{\"@id\":\"https:\/\/longwatchstudio.com\/developpements-specifiques\/#breadcrumb\"},\"inLanguage\":\"en-US\",\"potentialAction\":[{\"@type\":\"ReadAction\",\"target\":[\"https:\/\/longwatchstudio.com\/developpements-specifiques\/\"]}]},{\"@type\":\"ImageObject\",\"inLanguage\":\"en-US\",\"@id\":\"https:\/\/longwatchstudio.com\/developpements-specifiques\/#primaryimage\",\"url\":\"https:\/\/longwatchstudio.com\/wp-content\/uploads\/2024\/09\/specific-development-300x184.png\",\"contentUrl\":\"https:\/\/longwatchstudio.com\/wp-content\/uploads\/2024\/09\/specific-development-300x184.png\"},{\"@type\":\"BreadcrumbList\",\"@id\":\"https:\/\/longwatchstudio.com\/developpements-specifiques\/#breadcrumb\",\"itemListElement\":[{\"@type\":\"ListItem\",\"position\":1,\"name\":\"Accueil\",\"item\":\"https:\/\/longwatchstudio.com\/\"},{\"@type\":\"ListItem\",\"position\":2,\"name\":\"D\u00e9veloppements Sp\u00e9cifiques\"}]},{\"@type\":\"WebSite\",\"@id\":\"https:\/\/longwatchstudio.com\/#website\",\"url\":\"https:\/\/longwatchstudio.com\/\",\"name\":\"Long Watch Studio\",\"description\":\"Vous apporte le meilleur du Web\",\"publisher\":{\"@id\":\"https:\/\/longwatchstudio.com\/#organization\"},\"potentialAction\":[{\"@type\":\"SearchAction\",\"target\":{\"@type\":\"EntryPoint\",\"urlTemplate\":\"https:\/\/longwatchstudio.com\/?s={search_term_string}\"},\"query-input\":{\"@type\":\"PropertyValueSpecification\",\"valueRequired\":true,\"valueName\":\"search_term_string\"}}],\"inLanguage\":\"en-US\"},{\"@type\":\"Organization\",\"@id\":\"https:\/\/longwatchstudio.com\/#organization\",\"name\":\"Long Watch Studio\",\"url\":\"https:\/\/longwatchstudio.com\/\",\"logo\":{\"@type\":\"ImageObject\",\"inLanguage\":\"en-US\",\"@id\":\"https:\/\/longwatchstudio.com\/#\/schema\/logo\/image\/\",\"url\":\"https:\/\/longwatchstudio.com\/wp-content\/uploads\/2016\/11\/logo-site.png\",\"contentUrl\":\"https:\/\/longwatchstudio.com\/wp-content\/uploads\/2016\/11\/logo-site.png\",\"width\":223,\"height\":50,\"caption\":\"Long Watch Studio\"},\"image\":{\"@id\":\"https:\/\/longwatchstudio.com\/#\/schema\/logo\/image\/\"},\"sameAs\":[\"https:\/\/www.facebook.com\/LongWatchStudio\/\"]}]}<\/script>\n<!-- \/ Yoast SEO plugin. -->","yoast_head_json":{"title":"D\u00e9veloppements Sp\u00e9cifiques - Long Watch Studio","robots":{"index":"index","follow":"follow","max-snippet":"max-snippet:-1","max-image-preview":"max-image-preview:large","max-video-preview":"max-video-preview:-1"},"canonical":"https:\/\/longwatchstudio.com\/en\/custom-development\/","og_locale":"en_US","og_type":"article","og_title":"D\u00e9veloppements Sp\u00e9cifiques - Long Watch Studio","og_description":"D\u00e9veloppements Sur Mesure D\u00e9veloppements Sur Mesure AddOns d&rsquo;Extensions Fonctionnalit\u00e9s WooCommerce Extensions Sp\u00e9cifiques D\u00e9veloppement Sp\u00e9cifique Notre expertise \u00e0 votre service Parfois, votre vision est unique et n\u00e9cessite des experts en d\u00e9veloppement. Notre \u00e9quipe de d\u00e9veloppement WooCommerce peut vous aider. WordPress et WooCommerce sont une excellente solution pour cr\u00e9er votre boutique en ligne. C&rsquo;est pourquoi la plupart&hellip;","og_url":"https:\/\/longwatchstudio.com\/en\/custom-development\/","og_site_name":"Long Watch Studio","article_publisher":"https:\/\/www.facebook.com\/LongWatchStudio\/","article_modified_time":"2024-09-20T10:20:29+00:00","og_image":[{"url":"https:\/\/longwatchstudio.com\/wp-content\/uploads\/2024\/09\/specific-development-300x184.png","type":"","width":"","height":""}],"twitter_card":"summary_large_image","schema":{"@context":"https:\/\/schema.org","@graph":[{"@type":"WebPage","@id":"https:\/\/longwatchstudio.com\/developpements-specifiques\/","url":"https:\/\/longwatchstudio.com\/developpements-specifiques\/","name":"D\u00e9veloppements Sp\u00e9cifiques - Long Watch Studio","isPartOf":{"@id":"https:\/\/longwatchstudio.com\/#website"},"primaryImageOfPage":{"@id":"https:\/\/longwatchstudio.com\/developpements-specifiques\/#primaryimage"},"image":{"@id":"https:\/\/longwatchstudio.com\/developpements-specifiques\/#primaryimage"},"thumbnailUrl":"https:\/\/longwatchstudio.com\/wp-content\/uploads\/2024\/09\/specific-development-300x184.png","datePublished":"2024-09-11T07:57:52+00:00","dateModified":"2024-09-20T10:20:29+00:00","breadcrumb":{"@id":"https:\/\/longwatchstudio.com\/developpements-specifiques\/#breadcrumb"},"inLanguage":"en-US","potentialAction":[{"@type":"ReadAction","target":["https:\/\/longwatchstudio.com\/developpements-specifiques\/"]}]},{"@type":"ImageObject","inLanguage":"en-US","@id":"https:\/\/longwatchstudio.com\/developpements-specifiques\/#primaryimage","url":"https:\/\/longwatchstudio.com\/wp-content\/uploads\/2024\/09\/specific-development-300x184.png","contentUrl":"https:\/\/longwatchstudio.com\/wp-content\/uploads\/2024\/09\/specific-development-300x184.png"},{"@type":"BreadcrumbList","@id":"https:\/\/longwatchstudio.com\/developpements-specifiques\/#breadcrumb","itemListElement":[{"@type":"ListItem","position":1,"name":"Accueil","item":"https:\/\/longwatchstudio.com\/"},{"@type":"ListItem","position":2,"name":"D\u00e9veloppements Sp\u00e9cifiques"}]},{"@type":"WebSite","@id":"https:\/\/longwatchstudio.com\/#website","url":"https:\/\/longwatchstudio.com\/","name":"Long Watch Studio","description":"Brings you the best of the Web","publisher":{"@id":"https:\/\/longwatchstudio.com\/#organization"},"potentialAction":[{"@type":"SearchAction","target":{"@type":"EntryPoint","urlTemplate":"https:\/\/longwatchstudio.com\/?s={search_term_string}"},"query-input":{"@type":"PropertyValueSpecification","valueRequired":true,"valueName":"search_term_string"}}],"inLanguage":"en-US"},{"@type":"Organization","@id":"https:\/\/longwatchstudio.com\/#organization","name":"Long Watch Studio","url":"https:\/\/longwatchstudio.com\/","logo":{"@type":"ImageObject","inLanguage":"en-US","@id":"https:\/\/longwatchstudio.com\/#\/schema\/logo\/image\/","url":"https:\/\/longwatchstudio.com\/wp-content\/uploads\/2016\/11\/logo-site.png","contentUrl":"https:\/\/longwatchstudio.com\/wp-content\/uploads\/2016\/11\/logo-site.png","width":223,"height":50,"caption":"Long Watch Studio"},"image":{"@id":"https:\/\/longwatchstudio.com\/#\/schema\/logo\/image\/"},"sameAs":["https:\/\/www.facebook.com\/LongWatchStudio\/"]}]}},"_links":{"self":[{"href":"https:\/\/longwatchstudio.com\/en\/wp-json\/wp\/v2\/pages\/12891","targetHints":{"allow":["GET"]}}],"collection":[{"href":"https:\/\/longwatchstudio.com\/en\/wp-json\/wp\/v2\/pages"}],"about":[{"href":"https:\/\/longwatchstudio.com\/en\/wp-json\/wp\/v2\/types\/page"}],"author":[{"embeddable":true,"href":"https:\/\/longwatchstudio.com\/en\/wp-json\/wp\/v2\/users\/2"}],"replies":[{"embeddable":true,"href":"https:\/\/longwatchstudio.com\/en\/wp-json\/wp\/v2\/comments?post=12891"}],"version-history":[{"count":8,"href":"https:\/\/longwatchstudio.com\/en\/wp-json\/wp\/v2\/pages\/12891\/revisions"}],"predecessor-version":[{"id":12935,"href":"https:\/\/longwatchstudio.com\/en\/wp-json\/wp\/v2\/pages\/12891\/revisions\/12935"}],"wp:attachment":[{"href":"https:\/\/longwatchstudio.com\/en\/wp-json\/wp\/v2\/media?parent=12891"}],"curies":[{"name":"wp","href":"https:\/\/api.w.org\/{rel}","templated":true}]}}